{"id":453,"date":"2025-05-20T12:44:36","date_gmt":"2025-05-20T10:44:36","guid":{"rendered":"https:\/\/www.kulturwerk2010.de\/2024\/?page_id=453"},"modified":"2025-05-20T12:53:50","modified_gmt":"2025-05-20T10:53:50","slug":"verein","status":"publish","type":"page","link":"https:\/\/www.kulturwerk2010.de\/2024\/verein\/","title":{"rendered":"Verein"},"content":{"rendered":"\n<p>Das Kulturwerk hat die Form eines eingetragenen Vereins und ist als gemeinn\u00fctzig anerkannt. Daher kann es Spenden entgegennehmen, Spendenbescheinigungen ausstellen und sich um Projektf\u00f6rderungen bem\u00fchen.<\/p>\n\n\n\n<p>Hier k\u00f6nnen Sie eine Beitrittserkl\u00e4rung herunterladen und Mitglied werden:<\/p>\n\n\n\n<p><strong><a href=\"https:\/\/www.kulturwerk2010.de\/2024\/Beitrittserkl\u00e4rung_SEPA.pdf\" data-type=\"link\" data-id=\"Beitrittserkl\u00e4rung.pdf\">Beitrittserkl\u00e4rung<\/a><\/strong><\/p>\n\n\n\n<p><\/p>\n","protected":false},"excerpt":{"rendered":"<p>Das Kulturwerk hat die Form eines eingetragenen Vereins und ist als gemeinn\u00fctzig anerkannt. Daher kann es Spenden entgegennehmen, Spendenbescheinigungen ausstellen und sich um Projektf\u00f6rderungen bem\u00fchen. Hier k\u00f6nnen Sie eine Beitrittserkl\u00e4rung herunterladen und Mitglied werden: Beitrittserkl\u00e4rung<\/p>\n","protected":false},"author":1,"featured_media":0,"parent":0,"menu_order":0,"comment_status":"closed","ping_status":"closed","template":"","meta":{"footnotes":""},"class_list":["post-453","page","type-page","status-publish","hentry"],"jetpack_sharing_enabled":true,"_links":{"self":[{"href":"https:\/\/www.kulturwerk2010.de\/2024\/wp-json\/wp\/v2\/pages\/453","targetHints":{"allow":["GET"]}}],"collection":[{"href":"https:\/\/www.kulturwerk2010.de\/2024\/wp-json\/wp\/v2\/pages"}],"about":[{"href":"https:\/\/www.kulturwerk2010.de\/2024\/wp-json\/wp\/v2\/types\/page"}],"author":[{"embeddable":true,"href":"https:\/\/www.kulturwerk2010.de\/2024\/wp-json\/wp\/v2\/users\/1"}],"replies":[{"embeddable":true,"href":"https:\/\/www.kulturwerk2010.de\/2024\/wp-json\/wp\/v2\/comments?post=453"}],"version-history":[{"count":3,"href":"https:\/\/www.kulturwerk2010.de\/2024\/wp-json\/wp\/v2\/pages\/453\/revisions"}],"predecessor-version":[{"id":456,"href":"https:\/\/www.kulturwerk2010.de\/2024\/wp-json\/wp\/v2\/pages\/453\/revisions\/456"}],"wp:attachment":[{"href":"https:\/\/www.kulturwerk2010.de\/2024\/wp-json\/wp\/v2\/media?parent=453"}],"curies":[{"name":"wp","href":"https:\/\/api.w.org\/{rel}","templated":true}]}}